{"id":2768,"date":"2023-03-20T15:21:58","date_gmt":"2023-03-20T14:26:37","guid":{"rendered":"https:\/\/www.lajara.it\/?post_type=product&#038;p=2768"},"modified":"2025-09-04T17:15:36","modified_gmt":"2025-09-04T15:15:36","slug":"eximia-pinot-blanc","status":"publish","type":"product","link":"https:\/\/lajara.it\/fr\/produit\/eximia-pinot-blanc\/","title":{"rendered":"Eximia Pinot Blanc"},"content":{"rendered":"","protected":false},"excerpt":{"rendered":"<p>Un vin blanc avec des ar\u00f4mes remarquables, une fra\u00eecheur agr\u00e9able et une onctuosit\u00e9 \u00e9l\u00e9gante.<\/p>\n","protected":false},"featured_media":3047,"template":"","meta":[],"product_cat":[210],"product_tag":[],"class_list":{"0":"post-2768","1":"product","2":"type-product","3":"status-publish","4":"has-post-thumbnail","6":"product_cat-family-selection-fr","8":"first","9":"instock","10":"taxable","11":"shipping-taxable","12":"purchasable","13":"product-type-simple"},"acf":[],"yoast_head":"<!-- This site is optimized with the Yoast SEO plugin v21.7 - https:\/\/yoast.com\/wordpress\/plugins\/seo\/ -->\n<title>Eximia Pinot Blanc | La Jara<\/title>\n<meta name=\"robots\" content=\"index, follow, max-snippet:-1, max-image-preview:large, max-video-preview:-1\" \/>\n<link rel=\"canonical\" href=\"https:\/\/lajara.it\/fr\/produit\/eximia-pinot-blanc\/\" \/>\n<meta property=\"og:locale\" content=\"fr_FR\" \/>\n<meta property=\"og:type\" content=\"article\" \/>\n<meta property=\"og:title\" content=\"Eximia Pinot Blanc | La Jara\" \/>\n<meta property=\"og:description\" content=\"Un vin blanc avec des ar\u00f4mes remarquables, une fra\u00eecheur agr\u00e9able et une onctuosit\u00e9 \u00e9l\u00e9gante.\" \/>\n<meta property=\"og:url\" content=\"https:\/\/lajara.it\/fr\/produit\/eximia-pinot-blanc\/\" \/>\n<meta property=\"og:site_name\" content=\"La Jara\" \/>\n<meta property=\"article:modified_time\" content=\"2025-09-04T15:15:36+00:00\" \/>\n<meta property=\"og:image\" content=\"https:\/\/lajara.it\/wp-content\/uploads\/2023\/03\/Eximia-pinot-blanc-lajara.png\" \/>\n\t<meta property=\"og:image:width\" content=\"1080\" \/>\n\t<meta property=\"og:image:height\" content=\"1080\" \/>\n\t<meta property=\"og:image:type\" content=\"image\/png\" \/>\n<meta name=\"twitter:card\" content=\"summary_large_image\" \/>\n<meta name=\"twitter:label1\" content=\"Dur\u00e9e de lecture estim\u00e9e\" \/>\n\t<meta name=\"twitter:data1\" content=\"1 minute\" \/>\n<script type=\"application\/ld+json\" class=\"yoast-schema-graph\">{\"@context\":\"https:\/\/schema.org\",\"@graph\":[{\"@type\":\"WebPage\",\"@id\":\"https:\/\/lajara.it\/fr\/produit\/eximia-pinot-blanc\/\",\"url\":\"https:\/\/lajara.it\/fr\/produit\/eximia-pinot-blanc\/\",\"name\":\"Eximia Pinot Blanc | La Jara\",\"isPartOf\":{\"@id\":\"https:\/\/lajara.it\/fr\/#website\"},\"datePublished\":\"2023-03-20T14:26:37+00:00\",\"dateModified\":\"2025-09-04T15:15:36+00:00\",\"breadcrumb\":{\"@id\":\"https:\/\/lajara.it\/fr\/produit\/eximia-pinot-blanc\/#breadcrumb\"},\"inLanguage\":\"fr-FR\",\"potentialAction\":[{\"@type\":\"ReadAction\",\"target\":[\"https:\/\/lajara.it\/fr\/produit\/eximia-pinot-blanc\/\"]}]},{\"@type\":\"BreadcrumbList\",\"@id\":\"https:\/\/lajara.it\/fr\/produit\/eximia-pinot-blanc\/#breadcrumb\",\"itemListElement\":[{\"@type\":\"ListItem\",\"position\":1,\"name\":\"Home\",\"item\":\"https:\/\/lajara.it\/fr\/\"},{\"@type\":\"ListItem\",\"position\":2,\"name\":\"Eximia Pinot Blanc\"}]},{\"@type\":\"WebSite\",\"@id\":\"https:\/\/lajara.it\/fr\/#website\",\"url\":\"https:\/\/lajara.it\/fr\/\",\"name\":\"La Jara\",\"description\":\"Dedizione e passione al servizio della terra\",\"publisher\":{\"@id\":\"https:\/\/lajara.it\/fr\/#organization\"},\"potentialAction\":[{\"@type\":\"SearchAction\",\"target\":{\"@type\":\"EntryPoint\",\"urlTemplate\":\"https:\/\/lajara.it\/fr\/?s={search_term_string}\"},\"query-input\":\"required name=search_term_string\"}],\"inLanguage\":\"fr-FR\"},{\"@type\":\"Organization\",\"@id\":\"https:\/\/lajara.it\/fr\/#organization\",\"name\":\"La Jara\",\"url\":\"https:\/\/lajara.it\/fr\/\",\"logo\":{\"@type\":\"ImageObject\",\"inLanguage\":\"fr-FR\",\"@id\":\"https:\/\/lajara.it\/fr\/#\/schema\/logo\/image\/\",\"url\":\"https:\/\/lajara.it\/wp-content\/uploads\/2023\/12\/logo-1.png\",\"contentUrl\":\"https:\/\/lajara.it\/wp-content\/uploads\/2023\/12\/logo-1.png\",\"width\":780,\"height\":780,\"caption\":\"La Jara\"},\"image\":{\"@id\":\"https:\/\/lajara.it\/fr\/#\/schema\/logo\/image\/\"}}]}<\/script>\n<!-- \/ Yoast SEO plugin. -->","yoast_head_json":{"title":"Eximia Pinot Blanc | La Jara","robots":{"index":"index","follow":"follow","max-snippet":"max-snippet:-1","max-image-preview":"max-image-preview:large","max-video-preview":"max-video-preview:-1"},"canonical":"https:\/\/lajara.it\/fr\/produit\/eximia-pinot-blanc\/","og_locale":"fr_FR","og_type":"article","og_title":"Eximia Pinot Blanc | La Jara","og_description":"Un vin blanc avec des ar\u00f4mes remarquables, une fra\u00eecheur agr\u00e9able et une onctuosit\u00e9 \u00e9l\u00e9gante.","og_url":"https:\/\/lajara.it\/fr\/produit\/eximia-pinot-blanc\/","og_site_name":"La Jara","article_modified_time":"2025-09-04T15:15:36+00:00","og_image":[{"width":1080,"height":1080,"url":"https:\/\/lajara.it\/wp-content\/uploads\/2023\/03\/Eximia-pinot-blanc-lajara.png","type":"image\/png"}],"twitter_card":"summary_large_image","twitter_misc":{"Dur\u00e9e de lecture estim\u00e9e":"1 minute"},"schema":{"@context":"https:\/\/schema.org","@graph":[{"@type":"WebPage","@id":"https:\/\/lajara.it\/fr\/produit\/eximia-pinot-blanc\/","url":"https:\/\/lajara.it\/fr\/produit\/eximia-pinot-blanc\/","name":"Eximia Pinot Blanc | La Jara","isPartOf":{"@id":"https:\/\/lajara.it\/fr\/#website"},"datePublished":"2023-03-20T14:26:37+00:00","dateModified":"2025-09-04T15:15:36+00:00","breadcrumb":{"@id":"https:\/\/lajara.it\/fr\/produit\/eximia-pinot-blanc\/#breadcrumb"},"inLanguage":"fr-FR","potentialAction":[{"@type":"ReadAction","target":["https:\/\/lajara.it\/fr\/produit\/eximia-pinot-blanc\/"]}]},{"@type":"BreadcrumbList","@id":"https:\/\/lajara.it\/fr\/produit\/eximia-pinot-blanc\/#breadcrumb","itemListElement":[{"@type":"ListItem","position":1,"name":"Home","item":"https:\/\/lajara.it\/fr\/"},{"@type":"ListItem","position":2,"name":"Eximia Pinot Blanc"}]},{"@type":"WebSite","@id":"https:\/\/lajara.it\/fr\/#website","url":"https:\/\/lajara.it\/fr\/","name":"La Jara","description":"Dedizione e passione al servizio della terra","publisher":{"@id":"https:\/\/lajara.it\/fr\/#organization"},"potentialAction":[{"@type":"SearchAction","target":{"@type":"EntryPoint","urlTemplate":"https:\/\/lajara.it\/fr\/?s={search_term_string}"},"query-input":"required name=search_term_string"}],"inLanguage":"fr-FR"},{"@type":"Organization","@id":"https:\/\/lajara.it\/fr\/#organization","name":"La Jara","url":"https:\/\/lajara.it\/fr\/","logo":{"@type":"ImageObject","inLanguage":"fr-FR","@id":"https:\/\/lajara.it\/fr\/#\/schema\/logo\/image\/","url":"https:\/\/lajara.it\/wp-content\/uploads\/2023\/12\/logo-1.png","contentUrl":"https:\/\/lajara.it\/wp-content\/uploads\/2023\/12\/logo-1.png","width":780,"height":780,"caption":"La Jara"},"image":{"@id":"https:\/\/lajara.it\/fr\/#\/schema\/logo\/image\/"}}]}},"_links":{"self":[{"href":"https:\/\/lajara.it\/fr\/wp-json\/wp\/v2\/product\/2768","targetHints":{"allow":["GET"]}}],"collection":[{"href":"https:\/\/lajara.it\/fr\/wp-json\/wp\/v2\/product"}],"about":[{"href":"https:\/\/lajara.it\/fr\/wp-json\/wp\/v2\/types\/product"}],"wp:featuredmedia":[{"embeddable":true,"href":"https:\/\/lajara.it\/fr\/wp-json\/wp\/v2\/media\/3047"}],"wp:attachment":[{"href":"https:\/\/lajara.it\/fr\/wp-json\/wp\/v2\/media?parent=2768"}],"wp:term":[{"taxonomy":"product_cat","embeddable":true,"href":"https:\/\/lajara.it\/fr\/wp-json\/wp\/v2\/product_cat?post=2768"},{"taxonomy":"product_tag","embeddable":true,"href":"https:\/\/lajara.it\/fr\/wp-json\/wp\/v2\/product_tag?post=2768"}],"curies":[{"name":"wp","href":"https:\/\/api.w.org\/{rel}","templated":true}]}}