{"id":2660,"date":"2022-12-07T15:19:03","date_gmt":"2022-12-07T14:29:39","guid":{"rendered":"https:\/\/www.lajara.it\/?post_type=product&#038;p=2660"},"modified":"2023-11-30T10:33:03","modified_gmt":"2023-11-30T09:33:03","slug":"nectar-2018","status":"publish","type":"product","link":"https:\/\/lajara.it\/fr\/produit\/nectar-2018\/","title":{"rendered":"Nectar 2018 Vin Rouge Prime Selection"},"content":{"rendered":"","protected":false},"excerpt":{"rendered":"<p>Vin rouge \u00e0 la structure \u00e9patante r\u00e9sultant de l\u2019utilisation de montepulciano et de pinot noir de premier choix. Le vin Nectar a vu le jour en 2015 gr\u00e2ce aux id\u00e9es convergentes de deux pionniers visionnaires de l\u2019agriculture biologique. Le style unique du Nectar est le fruit leurs visions, de leurs convictions, ainsi que des terroirs propres aux Abruzzes et \u00e0 la V\u00e9n\u00e9tie. Dans ce m\u00e9lange extraordinaire, le montepulciano est pr\u00e9dominant, compl\u00e9t\u00e9 par la suite par le pinot noir, vinifi\u00e9 s\u00e9par\u00e9ment.<\/p>\n","protected":false},"featured_media":3055,"template":"","meta":[],"product_cat":[216],"product_tag":[],"class_list":{"0":"post-2660","1":"product","2":"type-product","3":"status-publish","4":"has-post-thumbnail","6":"product_cat-prime-selection-fr","8":"first","9":"instock","10":"taxable","11":"shipping-taxable","12":"purchasable","13":"product-type-variable"},"acf":[],"yoast_head":"<!-- This site is optimized with the Yoast SEO plugin v21.7 - https:\/\/yoast.com\/wordpress\/plugins\/seo\/ -->\n<title>Nectar 2018 Vin Rouge Prime Selection | La Jara<\/title>\n<meta name=\"robots\" content=\"index, follow, max-snippet:-1, max-image-preview:large, max-video-preview:-1\" \/>\n<link rel=\"canonical\" href=\"https:\/\/lajara.it\/fr\/produit\/nectar-2018\/\" \/>\n<meta property=\"og:locale\" content=\"fr_FR\" \/>\n<meta property=\"og:type\" content=\"article\" \/>\n<meta property=\"og:title\" content=\"Nectar 2018 Vin Rouge Prime Selection | La Jara\" \/>\n<meta property=\"og:description\" content=\"Vin rouge \u00e0 la structure \u00e9patante r\u00e9sultant de l\u2019utilisation de montepulciano et de pinot noir de premier choix. Le vin Nectar a vu le jour en 2015 gr\u00e2ce aux id\u00e9es convergentes de deux pionniers visionnaires de l\u2019agriculture biologique. Le style unique du Nectar est le fruit leurs visions, de leurs convictions, ainsi que des terroirs propres aux Abruzzes et \u00e0 la V\u00e9n\u00e9tie. Dans ce m\u00e9lange extraordinaire, le montepulciano est pr\u00e9dominant, compl\u00e9t\u00e9 par la suite par le pinot noir, vinifi\u00e9 s\u00e9par\u00e9ment.\" \/>\n<meta property=\"og:url\" content=\"https:\/\/lajara.it\/fr\/produit\/nectar-2018\/\" \/>\n<meta property=\"og:site_name\" content=\"La Jara\" \/>\n<meta property=\"article:modified_time\" content=\"2023-11-30T09:33:03+00:00\" \/>\n<meta property=\"og:image\" content=\"https:\/\/lajara.it\/wp-content\/uploads\/2022\/12\/Nectar-750-lajara.png\" \/>\n\t<meta property=\"og:image:width\" content=\"1080\" \/>\n\t<meta property=\"og:image:height\" content=\"1080\" \/>\n\t<meta property=\"og:image:type\" content=\"image\/png\" \/>\n<meta name=\"twitter:card\" content=\"summary_large_image\" \/>\n<script type=\"application\/ld+json\" class=\"yoast-schema-graph\">{\"@context\":\"https:\/\/schema.org\",\"@graph\":[{\"@type\":\"WebPage\",\"@id\":\"https:\/\/lajara.it\/fr\/produit\/nectar-2018\/\",\"url\":\"https:\/\/lajara.it\/fr\/produit\/nectar-2018\/\",\"name\":\"Nectar 2018 Vin Rouge Prime Selection | La Jara\",\"isPartOf\":{\"@id\":\"https:\/\/lajara.it\/fr\/#website\"},\"datePublished\":\"2022-12-07T14:29:39+00:00\",\"dateModified\":\"2023-11-30T09:33:03+00:00\",\"breadcrumb\":{\"@id\":\"https:\/\/lajara.it\/fr\/produit\/nectar-2018\/#breadcrumb\"},\"inLanguage\":\"fr-FR\",\"potentialAction\":[{\"@type\":\"ReadAction\",\"target\":[\"https:\/\/lajara.it\/fr\/produit\/nectar-2018\/\"]}]},{\"@type\":\"BreadcrumbList\",\"@id\":\"https:\/\/lajara.it\/fr\/produit\/nectar-2018\/#breadcrumb\",\"itemListElement\":[{\"@type\":\"ListItem\",\"position\":1,\"name\":\"Home\",\"item\":\"https:\/\/lajara.it\/fr\/\"},{\"@type\":\"ListItem\",\"position\":2,\"name\":\"Nectar 2018 Vin Rouge Prime Selection\"}]},{\"@type\":\"WebSite\",\"@id\":\"https:\/\/lajara.it\/fr\/#website\",\"url\":\"https:\/\/lajara.it\/fr\/\",\"name\":\"La Jara\",\"description\":\"Dedizione e passione al servizio della terra\",\"publisher\":{\"@id\":\"https:\/\/lajara.it\/fr\/#organization\"},\"potentialAction\":[{\"@type\":\"SearchAction\",\"target\":{\"@type\":\"EntryPoint\",\"urlTemplate\":\"https:\/\/lajara.it\/fr\/?s={search_term_string}\"},\"query-input\":\"required name=search_term_string\"}],\"inLanguage\":\"fr-FR\"},{\"@type\":\"Organization\",\"@id\":\"https:\/\/lajara.it\/fr\/#organization\",\"name\":\"La Jara\",\"url\":\"https:\/\/lajara.it\/fr\/\",\"logo\":{\"@type\":\"ImageObject\",\"inLanguage\":\"fr-FR\",\"@id\":\"https:\/\/lajara.it\/fr\/#\/schema\/logo\/image\/\",\"url\":\"https:\/\/lajara.it\/wp-content\/uploads\/2023\/12\/logo-1.png\",\"contentUrl\":\"https:\/\/lajara.it\/wp-content\/uploads\/2023\/12\/logo-1.png\",\"width\":780,\"height\":780,\"caption\":\"La Jara\"},\"image\":{\"@id\":\"https:\/\/lajara.it\/fr\/#\/schema\/logo\/image\/\"}}]}<\/script>\n<!-- \/ Yoast SEO plugin. -->","yoast_head_json":{"title":"Nectar 2018 Vin Rouge Prime Selection | La Jara","robots":{"index":"index","follow":"follow","max-snippet":"max-snippet:-1","max-image-preview":"max-image-preview:large","max-video-preview":"max-video-preview:-1"},"canonical":"https:\/\/lajara.it\/fr\/produit\/nectar-2018\/","og_locale":"fr_FR","og_type":"article","og_title":"Nectar 2018 Vin Rouge Prime Selection | La Jara","og_description":"Vin rouge \u00e0 la structure \u00e9patante r\u00e9sultant de l\u2019utilisation de montepulciano et de pinot noir de premier choix. Le vin Nectar a vu le jour en 2015 gr\u00e2ce aux id\u00e9es convergentes de deux pionniers visionnaires de l\u2019agriculture biologique. Le style unique du Nectar est le fruit leurs visions, de leurs convictions, ainsi que des terroirs propres aux Abruzzes et \u00e0 la V\u00e9n\u00e9tie. Dans ce m\u00e9lange extraordinaire, le montepulciano est pr\u00e9dominant, compl\u00e9t\u00e9 par la suite par le pinot noir, vinifi\u00e9 s\u00e9par\u00e9ment.","og_url":"https:\/\/lajara.it\/fr\/produit\/nectar-2018\/","og_site_name":"La Jara","article_modified_time":"2023-11-30T09:33:03+00:00","og_image":[{"width":1080,"height":1080,"url":"https:\/\/lajara.it\/wp-content\/uploads\/2022\/12\/Nectar-750-lajara.png","type":"image\/png"}],"twitter_card":"summary_large_image","schema":{"@context":"https:\/\/schema.org","@graph":[{"@type":"WebPage","@id":"https:\/\/lajara.it\/fr\/produit\/nectar-2018\/","url":"https:\/\/lajara.it\/fr\/produit\/nectar-2018\/","name":"Nectar 2018 Vin Rouge Prime Selection | La Jara","isPartOf":{"@id":"https:\/\/lajara.it\/fr\/#website"},"datePublished":"2022-12-07T14:29:39+00:00","dateModified":"2023-11-30T09:33:03+00:00","breadcrumb":{"@id":"https:\/\/lajara.it\/fr\/produit\/nectar-2018\/#breadcrumb"},"inLanguage":"fr-FR","potentialAction":[{"@type":"ReadAction","target":["https:\/\/lajara.it\/fr\/produit\/nectar-2018\/"]}]},{"@type":"BreadcrumbList","@id":"https:\/\/lajara.it\/fr\/produit\/nectar-2018\/#breadcrumb","itemListElement":[{"@type":"ListItem","position":1,"name":"Home","item":"https:\/\/lajara.it\/fr\/"},{"@type":"ListItem","position":2,"name":"Nectar 2018 Vin Rouge Prime Selection"}]},{"@type":"WebSite","@id":"https:\/\/lajara.it\/fr\/#website","url":"https:\/\/lajara.it\/fr\/","name":"La Jara","description":"Dedizione e passione al servizio della terra","publisher":{"@id":"https:\/\/lajara.it\/fr\/#organization"},"potentialAction":[{"@type":"SearchAction","target":{"@type":"EntryPoint","urlTemplate":"https:\/\/lajara.it\/fr\/?s={search_term_string}"},"query-input":"required name=search_term_string"}],"inLanguage":"fr-FR"},{"@type":"Organization","@id":"https:\/\/lajara.it\/fr\/#organization","name":"La Jara","url":"https:\/\/lajara.it\/fr\/","logo":{"@type":"ImageObject","inLanguage":"fr-FR","@id":"https:\/\/lajara.it\/fr\/#\/schema\/logo\/image\/","url":"https:\/\/lajara.it\/wp-content\/uploads\/2023\/12\/logo-1.png","contentUrl":"https:\/\/lajara.it\/wp-content\/uploads\/2023\/12\/logo-1.png","width":780,"height":780,"caption":"La Jara"},"image":{"@id":"https:\/\/lajara.it\/fr\/#\/schema\/logo\/image\/"}}]}},"_links":{"self":[{"href":"https:\/\/lajara.it\/fr\/wp-json\/wp\/v2\/product\/2660","targetHints":{"allow":["GET"]}}],"collection":[{"href":"https:\/\/lajara.it\/fr\/wp-json\/wp\/v2\/product"}],"about":[{"href":"https:\/\/lajara.it\/fr\/wp-json\/wp\/v2\/types\/product"}],"wp:featuredmedia":[{"embeddable":true,"href":"https:\/\/lajara.it\/fr\/wp-json\/wp\/v2\/media\/3055"}],"wp:attachment":[{"href":"https:\/\/lajara.it\/fr\/wp-json\/wp\/v2\/media?parent=2660"}],"wp:term":[{"taxonomy":"product_cat","embeddable":true,"href":"https:\/\/lajara.it\/fr\/wp-json\/wp\/v2\/product_cat?post=2660"},{"taxonomy":"product_tag","embeddable":true,"href":"https:\/\/lajara.it\/fr\/wp-json\/wp\/v2\/product_tag?post=2660"}],"curies":[{"name":"wp","href":"https:\/\/api.w.org\/{rel}","templated":true}]}}